{"id":3,"date":"2023-10-02T12:03:31","date_gmt":"2023-10-02T12:03:31","guid":{"rendered":"https:\/\/city.domidis.ro\/?page_id=3"},"modified":"2023-10-04T09:00:46","modified_gmt":"2023-10-04T09:00:46","slug":"politica-de-confidentialitate","status":"publish","type":"page","link":"https:\/\/citycourier.ro\/index.php\/politica-de-confidentialitate\/","title":{"rendered":"Politica de confiden\u021bialitate"},"content":{"rendered":"<section class=\"wpb-content-wrapper\"><p>[vc_row][vc_column][vc_column_text woodmart_inline=&#8221;no&#8221; text_larger=&#8221;no&#8221;]<\/p>\n<h3><b>POLITIC\u0102 DE PRELUCRARE A DATELOR CU CARACTER PERSONAL<\/b><\/h3>\n<p><span style=\"font-weight: 400;\">DOMIDIS S.R.L<\/span><span style=\"font-weight: 400;\">, cu sediul \u00een V\u00c2LCEA,JUD. R\u00c2MNICU V\u00c2LCEA,, \u00eenregistrat\u0103 la Registrul Comer\u021bului sub num\u0103rul <\/span><span style=\"font-weight: 400;\">J38\/346\/2013<\/span><span style=\"font-weight: 400;\">, cod unic de \u00eenregistrare <\/span><span style=\"font-weight: 400;\">31862715<\/span><span style=\"font-weight: 400;\"> (\u201dCity Courier\u201d), a elaborat aceast\u0103 politic\u0103 de prelucrare a datelor cu caracter personal (\u201cPolitic\u0103\u201d) pentru a v\u0103 informa cu privire la condi\u021biile \u00een care colect\u0103m, proces\u0103m, utiliz\u0103m \u0219i protej\u0103m datele dvs. cu caracter personal.<\/span><span style=\"font-weight: 400;\"><br \/>\n<\/span><span style=\"font-weight: 400;\">\u00cen sensul prezentei Politici, no\u021biunea de date cu caracter personal va avea semnifica\u021bia de orice informa\u021bii despre o persoan\u0103 identificat\u0103 sau identificabil\u0103, precum numele, prenumele, adresa, num\u0103rul de telefon (\u201eDate cu caracter personal\u201d).<\/span><\/p>\n<p><span style=\"font-weight: 400;\">Confiden\u021bialitatea datelor este unul dintre angajamentele noastre fundamentale \u0219i, prin urmare, ne asigur\u0103m c\u0103 prelucrarea datelor cu caracter personal are loc \u00een deplin\u0103 conformitate cu principiile enun\u021bate \u00een legisla\u021bia aplicabil\u0103, inclusiv dar f\u0103r\u0103 limitare la Regulamentului general privind protec\u021bia datelor. 679\/2016(\u201cGDPR\u201d).<\/span><span style=\"font-weight: 400;\"><br \/>\n<\/span><span style=\"font-weight: 400;\">Prezenta Politic\u0103 are scopul de a te informa, \u00een calitate de persoan\u0103 vizat\u0103, despre modalitatea \u00een care City Courier, \u00een calitate de operator de Date cu caracter personal, ac\u021bioneaz\u0103 \u00een rela\u021bia cu utilizatorii site-ului www.city-courier.ro (\u201dSite-ul\u201d).<\/span><\/p>\n<p><span style=\"font-weight: 400;\">Te rug\u0103m s\u0103 cite\u0219ti cu aten\u021bie aceast\u0103 Politic\u0103, \u00eentruc\u00e2t, prin acceptarea ei, te declari de acord cu toate clauzele indicate mai jos.<\/span><\/p>\n<p><span style=\"font-weight: 400;\">Utilizatorul nu are obliga\u021bie de a ne furniza datele cu caracter personal men\u021bionate \u00een acest document, \u00eens\u0103 nu vom putea presta serviciile pe care ni le solici\u021bi. \u00cen cazul \u00een care nu e\u0219ti de acord cu prezentele condi\u021bii de utilizare, te rug\u0103m s\u0103 nu continui utilizarea serviciilor noastre.<\/span><\/p>\n<p><span style=\"font-weight: 400;\">Prevederile acestei Politici au rol pur informativ \u0219i nu afecteaz\u0103 drepturile recunoscute de legisla\u021bia incident\u0103 \u00een materie.<\/span><\/p>\n<h2><b>CE DATE CU CARACTER PERSONAL PRELUCREAZ\u0102 CITY COURIER?<\/b><\/h2>\n<p><span style=\"font-weight: 400;\">Datele cu caracter personal pe care noi le vom prelucra sunt datele ob\u021binute direct de la tine (\u00een momentul \u00eenregistr\u0103rii \u00een Site) sau rezultate \u00een urma prest\u0103rii serviciilor de c\u0103tre City Courier precum:<\/span><span style=\"font-weight: 400;\"><br \/>\n<\/span><span style=\"font-weight: 400;\">datele furnizate la crearea contului \u2013 c\u00e2nd ne oferi informa\u021bii precum nume; prenume; sex; data na\u0219terii\/ v\u00e2rsta; adresa;<\/span><\/p>\n<p><span style=\"font-weight: 400;\">Datele introduse \u00een Sec\u021biunea \u201dContul meu\u201d \u2013 unde ave\u021bi posibilitatea de a completa adresa de livrare, etc.;<\/span><\/p>\n<p><span style=\"font-weight: 400;\">datele introduse cu ocazia plas\u0103rii unei comenzi \u2013 c\u00e2nd ne furniza\u021bi date precum: produsul dorit, numele si prenumele, adresa de livrare, detalii de facturare, metoda de plata, numar de telefon, etc.<\/span><span style=\"font-weight: 400;\"><br \/>\n<\/span><span style=\"font-weight: 400;\">City Courier ofer\u0103 posibilitatea \u00eenregistr\u0103rii \u00een Site prin intermediul contului Facebook sau Google. In acest caz, veti fi directionati c\u0103tre paginile Facebook Inc \/ Google LLC sit e rugam sa consulti si politicile de confidentialitate Facebook, respectiv Google, disponibile la urmatoarele link-uri:<\/span><span style=\"font-weight: 400;\"><br \/>\n<\/span><span style=\"font-weight: 400;\">https:\/\/www.facebook.com\/about\/privacy sau https:\/\/policies.google.com\/privacy<\/span><\/p>\n<h2><b>\u00ceN CE SCOP COLECT\u0102M DATELE TALE?<\/b><\/h2>\n<p><span style=\"font-weight: 400;\">Utiliz\u0103m datele colectate la punctul 1 pentru:<\/span><\/p>\n<p><span style=\"font-weight: 400;\">Desf\u0103\u0219urarea rela\u021biei contractuale, preluarea \u0219i procesarea comenzilor \u0219i tranzac\u021biilor efectuate cu ocazia prest\u0103rii serviciilor City Courier sau pentru solu\u021bionarea sesiz\u0103rilor tale<\/span><\/p>\n<p><span style=\"font-weight: 400;\">Durata prelucr\u0103rii: datele vor fi stocate pe perioada de 3 ani, calculat\u0103 de la data comenzii.<\/span><\/p>\n<p><span style=\"font-weight: 400;\">Analize \u0219i statistici privind utilizarea serviciilor noastre, optimizarea serviciilor City Courier \u00een vedere \u00eembun\u0103t\u0103\u021birii satisfac\u021biei clien\u021bilor, a produselor \u0219i a serviciilor, identificarea poten\u021bialelor probleme cu privire la serviciile noastre.<\/span><span style=\"font-weight: 400;\"><br \/>\n<\/span><span style=\"font-weight: 400;\">Durata prelucr\u0103rii: datele tale vor fi stocate pe perioada de pana la 5 ani calculat\u0103 de la data \u00eencet\u0103rii calit\u0103\u021bii de utilizator.<\/span><\/p>\n<p><span style=\"font-weight: 400;\">Marketing direct \u0219i alte comunic\u0103ri comerciale, oferirea de discount-uri, promo\u021bii, lans\u0103ri de produse sau servicii.<\/span><span style=\"font-weight: 400;\"><br \/>\n<\/span><span style=\"font-weight: 400;\">Durata prelucr\u0103rii: datele vor fi stocate pe o perioad\u0103 de pana la 3 ani de la data \u00eencet\u0103rii calit\u0103\u021bii de utilizator sau de \u00eendat\u0103, \u00een cazul solicit\u0103rii excluderii din comunic\u0103rile comerciale \u0219i de marketing.<\/span><\/p>\n<p><span style=\"font-weight: 400;\">Prevenirea \u0219i combaterea fraudei, conformarea cu obliga\u021biile legale ale City Courier, protejarea unor drepturi \u00een justi\u021bie, prevenirea tentativelor de fraud\u0103.<\/span><\/p>\n<p><span style=\"font-weight: 400;\">Durata prelucr\u0103rii: datele vor fi stocate pe o perioad\u0103 de pana la 5 ani de la data \u00eencet\u0103rii calit\u0103\u021bii de utilizator sau, \u00een cazul \u00een care legea impune o durat\u0103 mai \u00eendelungat\u0103, pe durata prev\u0103zut\u0103 de normele incidente.<\/span><span style=\"font-weight: 400;\"><br \/>\n<\/span><span style=\"font-weight: 400;\">City Courier poate \u0219terge datele tale cu caracter personal atunci c\u00e2nd consider\u0103 c\u0103 nu mai sunt necesare pentru scopurile \u00een care au fost colectate.<\/span><\/p>\n<p><span style=\"font-weight: 400;\">\u00cen orice caz, ai dreptul de a-\u021bi retrage acordul pentru prelucrare sau de a te opune prelucr\u0103rii \u0219i, \u00een cazul \u00een care nu exist\u0103 motive legitime \u0219i imperioase pentru prelucrare care s\u0103 prevaleze, vom \u00eenceta prelucrarea datelor.<\/span><\/p>\n<h2><b>CARE ESTE TEMEIUL \u00ceN BAZA C\u0102RUIA PRELUCR\u0102M DATELE TALE?<\/b><\/h2>\n<p><span style=\"font-weight: 400;\">City Courier prelucreaz\u0103 datele tale cu caracter personal \u00een temeiul articolul 6 alineatul (1) litera (b) din GDR \u2013 prelucrare \u00een scopuri precontractuale \u0219i contractuale, respectiv art. 6 alin. (1) litera c) din GDPR \u2013 prelucrarea pentru \u00eendeplinirea unor obliga\u021bii legale care \u00eei revin operatorului (City Courier).<\/span><\/p>\n<p><span style=\"font-weight: 400;\">\u00centruc\u00e2t majoritatea informa\u021biilor le ob\u021binem direct de la tine, acestea sunt prelucrate \u00een temeiul articolul 6 alineatul (1) litera (a) din GDR \u2013 prelucrare \u00een baza consim\u021b\u0103m\u00e2ntului persoanei vizate.<\/span><\/p>\n<p><span style=\"font-weight: 400;\">\u00cen principal, prelucr\u0103m datele cu caracter personal pentru a putea \u00eencheia un contract, la cererea ta. De asemenea, prelucr\u0103m datele pentru \u00eendeplinirea obliga\u021biilor noastre de arhivare, a obliga\u021biilor de a comunica unor autorit\u0103\u021bi publice sau pentru conservarea \u0219i exercitarea unor drepturi \u00een justi\u021bie. Totodat\u0103, sunt cazuri \u00een care prelucr\u0103m datele \u00een temeiul interesului nostru legitim \u0219i pentru a facilita accesul la serviciile noastre.<\/span><\/p>\n<h2><b>CARE SUNT DREPTURILE TALE CU PRIVIRE LA DATELE CU CARACTER PERSONAL?<\/b><\/h2>\n<p><span style=\"font-weight: 400;\">Ave\u021bi urm\u0103toarele drepturi \u00een leg\u0103tur\u0103 cu prelucrarea datelor cu caracter personal:<\/span><\/p>\n<p><span style=\"font-weight: 400;\">Dreptul de acces: Ai dreptul de a ob\u021bine de la noi confirmarea c\u0103 datele tale sunt prelucrate de noi, precum \u0219i informa\u021bii despre procesarea specific\u0103, cum ar fi: scopurile prelucr\u0103rii, categorii de date cu caracter personal prelucrate, destinatarii datelor cu caracter personal, perioada pentru care datele cu caracter personal sunt stocate, dac\u0103 transfer\u0103m datele cu caracter personal \u00een str\u0103in\u0103tate \u0219i cum le protej\u0103m;<\/span><\/p>\n<p><span style=\"font-weight: 400;\">Dreptul la rectificare: Ai posibilitatea de a solicita rectificarea datelor tale cu caracter personal \u00een cazul \u00een care identifici c\u0103 acestea sunt eronate sau incomplete;<\/span><\/p>\n<p><span style=\"font-weight: 400;\">Dreptul la \u0219tergere (\u201edreptul de a fi uitat\u201d): \u00cen anumite cazuri, ai posibilitatea de a solicita \u0219tergerea datelor cu caracter personal, \u0219i anume atunci c\u00e2nd acestea nu mai sunt necesare \u00een raport cu scopurile pentru care au fost colectate, dac\u0103 \u00ee\u021bi retragi consim\u021b\u0103m\u00e2ntul privind prelucrarea (\u0219i nu exist\u0103 niciun alt motiv legal pentru prelucrare) sau dac\u0103 te opui prelucr\u0103rii;<\/span><\/p>\n<p><span style=\"font-weight: 400;\">Dreptul la portabilitatea datelor: Ai dreptul de a ob\u021bine transferul datelor pe care le prelucr\u0103m sau le control\u0103m c\u0103tre un alt operator al;<\/span><\/p>\n<p><span style=\"font-weight: 400;\">Dreptul la opozi\u021bie: \u00een anumite situa\u021bii, ai dreptul de a te opune prelucr\u0103rii datelor personale de c\u0103tre noi.<\/span><span style=\"font-weight: 400;\"><br \/>\n<\/span><span style=\"font-weight: 400;\">Retragerea consim\u021b\u0103m\u00e2ntului: \u00cen m\u0103sura \u00een care ai consim\u021bit la prelucrarea datelor personale, po\u021bi oric\u00e2nd s\u0103-\u021bi retragi consim\u021b\u0103m\u00e2ntul, f\u0103r\u0103 a afecta legalitatea proces\u0103rii bazate pe consim\u021b\u0103m\u00e2nt \u00eenainte de retragerea acestuia.<\/span><\/p>\n<p><span style=\"font-weight: 400;\">Dreptul de a nu fi supus vreunei decizii individuale automate: ai dreptul de a nu fi supus unei decizii bazate exclusiv pe prelucrarea automat\u0103, inclusiv profilarea. Un astfel de drept nu poate fi exercitat atunci c\u00e2nd decizia:(i) este necesar\u0103 pentru \u00eencheierea unui contract sau pentru executarea unui contract \u00eentre tine \u0219i City Courier; (ii) este necesar\u0103 pentru luarea unor m\u0103suri adecvate pentru a-\u021bi proteja drepturile, libert\u0103\u021bile \u0219i interesele legitime; sau (iii) se bazeaz\u0103 pe consim\u021b\u0103m\u00e2ntul t\u0103u explicit.<\/span><\/p>\n<p><span style=\"font-weight: 400;\">Dreptul de a depune o pl\u00e2ngere la autoritatea de supraveghere: ai dreptul de a depune o pl\u00e2ngere la Autoritatea Na\u021bional\u0103 de Supraveghere pentru Prelucrarea Datelor cu Caracter Personal (\u201cANSPDCP\u201d) \u00een leg\u0103tur\u0103 cu orice \u00eenc\u0103lcare a drepturilor tale cu privire la prelucrarea datelor dvs. cu caracter personal.<\/span><\/p>\n<p><span style=\"font-weight: 400;\">Datele de contact ale ANSPDCP sunt:<\/span><\/p>\n<ul>\n<li style=\"font-weight: 400;\" aria-level=\"2\"><span style=\"font-weight: 400;\">\u200b\u200bBulevardul Gheorghe Magheru 28-30, Sector 1, Cod Postal 010336, Bucure\u0219ti, Rom\u00e2nia;<\/span><\/li>\n<li style=\"font-weight: 400;\" aria-level=\"2\"><span style=\"font-weight: 400;\">e-mail: anspdcp@dataprotection.ro.<\/span><\/li>\n<\/ul>\n<p><span style=\"font-weight: 400;\">Lista complet\u0103 a autorit\u0103\u021bilor de protec\u021bie a datelor din Uniunea European\u0103: https:\/\/edpb.europa.eu\/about-edpb\/board\/members_en<\/span><\/p>\n<h2><b>CUM \u00ce\u021aI PO\u021aI EXERCITA DREPTURILE CU PRIVIRE LA DATELE CU CARACTER PERSONAL?<\/b><\/h2>\n<p><span style=\"font-weight: 400;\">Anumite drepturi pot fi exercitate direct din Site \u0219i prin transmiterea unui e-mail la adresa office@citycourier.ro. Pentru a ne asigura c\u0103 persoana care ne contacteaz\u0103 cu privire la datele tale cu caracter personal e\u0219ti chiar tu, ne rezerv\u0103m dreptul de a-\u021bi verifica identitatea anterior eliber\u0103rii oric\u0103rui tip de r\u0103spuns cu privire la datele cu caracter confiden\u021bial, tocmai \u00een scopul de a asigura confiden\u021bialitatea tuturor datelor.<\/span><\/p>\n<p><span style=\"font-weight: 400;\">Facem toate eforturile pentru a r\u0103spunde cererilor tale \u00een termen de o lun\u0103 de la primirea cererii. Aceast\u0103 perioad\u0103 poate fi prelungit\u0103 cu \u00eenc\u0103 dou\u0103 luni, dac\u0103 este necesar, \u021bin\u00e2nd cont de complexitatea \u0219i num\u0103rul cererilor, caz \u00een care te vom informa despre orice prelungire \u0219i despre motivele \u00eent\u00e2rzierii<\/span><\/p>\n<h2><b>CUI PUTEM DEZV\u0102LUI DATELE TALE?<\/b><\/h2>\n<p><span style=\"font-weight: 400;\">\u00cen prezent, City Courier dezv\u0103luie datele tale cu caracter personal c\u0103tre:<\/span><\/p>\n<ul>\n<li style=\"font-weight: 400;\" aria-level=\"2\"><span style=\"font-weight: 400;\">furnizorii de servicii (ac\u021bion\u00e2nd fie ca operatori, fie ca persoane \u00eemputernicite de City Courier ) \u0219i pe care City Courier \u00eei contacteaz\u0103 pentru servicii administrative, pentru marketing si al\u021bi furnizori de servicii (de exemplu, furnizori de servicii IT, servicii de stocare de date etc.);<\/span><\/li>\n<li style=\"font-weight: 400;\" aria-level=\"2\"><span style=\"font-weight: 400;\">contabili, auditori, avoca\u021bi \u0219i alt personal profesionist extern, care vor fi \u021binu\u021bi de obliga\u021bii legale sau contractuale de confiden\u021bialitate;<\/span><\/li>\n<li style=\"font-weight: 400;\" aria-level=\"2\"><span style=\"font-weight: 400;\">autorit\u0103\u021bile publice, dac\u0103 dezv\u0103luirea este necesar\u0103 pentru a ne conforma cu o obliga\u021bie prev\u0103zut\u0103 de legisla\u021bia aplicabil\u0103.<\/span><\/li>\n<\/ul>\n<p><span style=\"font-weight: 400;\">CE M\u0102SURI DE SECURITATE AM IMPLEMENTAT PENTRU PROTEJAREA DATELOR DVS.?<\/span><\/p>\n<p><span style=\"font-weight: 400;\">Lu\u0103m toate m\u0103surile de precau\u021bie necesare, av\u00e2nd \u00een vedere natura datelor cu caracter personal \u0219i riscurile legate de prelucrarea datelor, pentru a men\u021bine securitatea datelor \u0219i, \u00een special, pentru a preveni denaturarea, deteriorarea sau accesul neautorizat al ter\u021bilor (protec\u021bia fizic\u0103 a loca\u021biei, proceduri de autentificare cu acces personal, securizat prin identificatori \u0219i parole confiden\u021biale, un jurnal de conectare, criptarea sau anonimizarea datelor cu caracter personal, stocarea \u00een medii sigure. Cu toate acestea, \u00een pofida eforturilor noastre, nu putem garanta \u00eentotdeauna eficacitatea m\u0103surilor de securitate implementate \u0219i, prin urmare, nu putem garanta securitatea datelor cu caracter personal \u00een orice moment.<\/span><\/p>\n<p><span style=\"font-weight: 400;\">ACTUALIZAREA POLITICII PRIVIND PRELUCRAREA DATELOR CU CARACTER PERSONAL<\/span><\/p>\n<p><span style=\"font-weight: 400;\">Aceasta Politic\u0103 a devenit aplicabil\u0103 la data de 1 iulie 2021. Este posibil s\u0103 actualiz\u0103m sau s\u0103 modific\u0103m aceast\u0103 Politic\u0103 de prelucrare a datelor cu caracter personal dup\u0103 cum este necesar, urm\u00e2nd a v\u0103 aduce la cuno\u0219tin\u021b\u0103 aceste modific\u0103ri. Cu toate acestea, v\u0103 recomand\u0103m s\u0103 consulta\u021bi din timp \u00een timp aceast\u0103 pagina dac\u0103 dori\u021bi s\u0103 fi\u021bi informat despre modalitatea \u00een care datele dvs. sunt colectate \u0219i protejate.<\/span><\/p>\n<p><span style=\"font-weight: 400;\">Pentru a solicita mai multe detalii cu privire la m\u0103surile luate pentru a v\u0103 proteja informa\u021biile personale \u00een cazurile men\u021bionate mai sus, ne pute\u021bi contacta la orice moment, la adresa office@citycourier.ro<\/span><\/p>\n<p>&nbsp;[\/vc_column_text][\/vc_column][\/vc_row]<\/p>\n<\/section>","protected":false},"excerpt":{"rendered":"<p>[vc_row][vc_column][vc_column_text woodmart_inline=&#8221;no&#8221; text_larger=&#8221;no&#8221;] POLITIC\u0102 DE PRELUCRARE A DATELOR CU CARACTER PERSONAL DOMIDIS S.R.L, cu sediul \u00een V\u00c2LCEA,JUD. R\u00c2MNICU V\u00c2LCEA,, \u00eenregistrat\u0103<\/p>\n","protected":false},"author":1,"featured_media":0,"parent":0,"menu_order":0,"comment_status":"closed","ping_status":"closed","template":"","meta":{"footnotes":""},"class_list":["post-3","page","type-page","status-publish","hentry"],"_links":{"self":[{"href":"https:\/\/citycourier.ro\/index.php\/wp-json\/wp\/v2\/pages\/3","targetHints":{"allow":["GET"]}}],"collection":[{"href":"https:\/\/citycourier.ro\/index.php\/wp-json\/wp\/v2\/pages"}],"about":[{"href":"https:\/\/citycourier.ro\/index.php\/wp-json\/wp\/v2\/types\/page"}],"author":[{"embeddable":true,"href":"https:\/\/citycourier.ro\/index.php\/wp-json\/wp\/v2\/users\/1"}],"replies":[{"embeddable":true,"href":"https:\/\/citycourier.ro\/index.php\/wp-json\/wp\/v2\/comments?post=3"}],"version-history":[{"count":3,"href":"https:\/\/citycourier.ro\/index.php\/wp-json\/wp\/v2\/pages\/3\/revisions"}],"predecessor-version":[{"id":7143,"href":"https:\/\/citycourier.ro\/index.php\/wp-json\/wp\/v2\/pages\/3\/revisions\/7143"}],"wp:attachment":[{"href":"https:\/\/citycourier.ro\/index.php\/wp-json\/wp\/v2\/media?parent=3"}],"curies":[{"name":"wp","href":"https:\/\/api.w.org\/{rel}","templated":true}]}}