{"id":5212,"date":"2021-08-25T07:26:28","date_gmt":"2021-08-25T07:26:28","guid":{"rendered":"http:\/\/dummy.xtemos.com\/woodmart2\/?page_id=5212"},"modified":"2023-11-16T08:24:09","modified_gmt":"2023-11-16T08:24:09","slug":"about-us-3","status":"publish","type":"page","link":"https:\/\/citycourier.ro\/index.php\/about-us-3\/","title":{"rendered":"Despre noi"},"content":{"rendered":"<section class=\"wpb-content-wrapper\"><p>[vc_row css=&#8221;.vc_custom_1629877038080{margin-bottom: 40px !important;}&#8221; mobile_bg_img_hidden=&#8221;no&#8221; tablet_bg_img_hidden=&#8221;no&#8221; woodmart_parallax=&#8221;0&#8243; woodmart_gradient_switch=&#8221;no&#8221; row_reverse_mobile=&#8221;1&#8243; row_reverse_tablet=&#8221;1&#8243; woodmart_disable_overflow=&#8221;0&#8243; wd_z_index=&#8221;no&#8221; woodmart_css_id=&#8221;6125f32826e3d&#8221; responsive_spacing=&#8221;eyJwYXJhbV90eXBlIjoid29vZG1hcnRfcmVzcG9uc2l2ZV9zcGFjaW5nIiwic2VsZWN0b3JfaWQiOiI2MTI1ZjMyODI2ZTNkIiwic2hvcnRjb2RlIjoidmNfcm93IiwiZGF0YSI6eyJ0YWJsZXQiOnt9LCJtb2JpbGUiOnsibWFyZ2luLWJvdHRvbSI6IjIwIn19fQ==&#8221;][vc_column css=&#8221;.vc_custom_1629877010833{margin-bottom: 40px !important;padding-top: 0px !important;}&#8221; mobile_bg_img_hidden=&#8221;no&#8221; tablet_bg_img_hidden=&#8221;no&#8221; woodmart_parallax=&#8221;0&#8243; woodmart_sticky_column=&#8221;false&#8221; parallax_scroll=&#8221;no&#8221; mobile_reset_margin=&#8221;no&#8221; tablet_reset_margin=&#8221;no&#8221; offset=&#8221;vc_col-lg-6 vc_col-md-6&#8243; wd_z_index=&#8221;no&#8221; woodmart_css_id=&#8221;6125f30edad72&#8243; responsive_spacing=&#8221;eyJwYXJhbV90eXBlIjoid29vZG1hcnRfcmVzcG9uc2l2ZV9zcGFjaW5nIiwic2VsZWN0b3JfaWQiOiI2MTI1ZjMwZWRhZDcyIiwic2hvcnRjb2RlIjoidmNfY29sdW1uIiwiZGF0YSI6eyJ0YWJsZXQiOnt9LCJtb2JpbGUiOnt9fX0=&#8221;][vc_column_text woodmart_inline=&#8221;no&#8221; text_larger=&#8221;no&#8221;]&nbsp;<\/p>\n<p>&nbsp;<\/p>\n<p>&nbsp;<\/p>\n<p><img loading=\"lazy\" decoding=\"async\" class=\"wp-image-7127 size-full aligncenter\" src=\"https:\/\/city.domidis.ro\/wp-content\/uploads\/2021\/07\/front-view-delivery-man-concept-with-copy-space-scaled.jpg\" alt=\"\" width=\"2560\" height=\"1707\" srcset=\"https:\/\/citycourier.ro\/wp-content\/uploads\/2021\/07\/front-view-delivery-man-concept-with-copy-space-scaled.jpg 2560w, https:\/\/citycourier.ro\/wp-content\/uploads\/2021\/07\/front-view-delivery-man-concept-with-copy-space-scaled-430x287.jpg 430w, https:\/\/citycourier.ro\/wp-content\/uploads\/2021\/07\/front-view-delivery-man-concept-with-copy-space-scaled-150x100.jpg 150w, https:\/\/citycourier.ro\/wp-content\/uploads\/2021\/07\/front-view-delivery-man-concept-with-copy-space-scaled-700x467.jpg 700w, https:\/\/citycourier.ro\/wp-content\/uploads\/2021\/07\/front-view-delivery-man-concept-with-copy-space-400x267.jpg 400w, https:\/\/citycourier.ro\/wp-content\/uploads\/2021\/07\/front-view-delivery-man-concept-with-copy-space-1200x800.jpg 1200w, https:\/\/citycourier.ro\/wp-content\/uploads\/2021\/07\/front-view-delivery-man-concept-with-copy-space-768x512.jpg 768w, https:\/\/citycourier.ro\/wp-content\/uploads\/2021\/07\/front-view-delivery-man-concept-with-copy-space-1536x1024.jpg 1536w, https:\/\/citycourier.ro\/wp-content\/uploads\/2021\/07\/front-view-delivery-man-concept-with-copy-space-2048x1365.jpg 2048w, https:\/\/citycourier.ro\/wp-content\/uploads\/2021\/07\/front-view-delivery-man-concept-with-copy-space-860x573.jpg 860w\" sizes=\"auto, (max-width: 2560px) 100vw, 2560px\" \/>[\/vc_column_text][\/vc_column][vc_column css=&#8221;.vc_custom_1629877027060{margin-bottom: 40px !important;padding-top: 40px !important;}&#8221; mobile_bg_img_hidden=&#8221;no&#8221; tablet_bg_img_hidden=&#8221;no&#8221; woodmart_parallax=&#8221;0&#8243; woodmart_sticky_column=&#8221;false&#8221; parallax_scroll=&#8221;no&#8221; mobile_reset_margin=&#8221;no&#8221; tablet_reset_margin=&#8221;no&#8221; offset=&#8221;vc_col-lg-offset-1 vc_col-lg-5 vc_col-md-6 vc_col-xs-12&#8243; wd_z_index=&#8221;no&#8221; woodmart_css_id=&#8221;6125f320eb687&#8243; responsive_spacing=&#8221;eyJwYXJhbV90eXBlIjoid29vZG1hcnRfcmVzcG9uc2l2ZV9zcGFjaW5nIiwic2VsZWN0b3JfaWQiOiI2MTI1ZjMyMGViNjg3Iiwic2hvcnRjb2RlIjoidmNfY29sdW1uIiwiZGF0YSI6eyJ0YWJsZXQiOnt9LCJtb2JpbGUiOnsicGFkZGluZy10b3AiOiIwIn19fQ==&#8221;]\t\t\n\t\t<div id=\"wd-651bec0e21ecc\" class=\"title-wrapper wd-wpb set-mb-s reset-last-child  wd-rs-651bec0e21ecc wd-title-color-primary wd-underline-colored wd-title-style-default wd-width-100 text-left vc_custom_1696328724678\">\n\t\t\t\n\t\t\t<div class=\"liner-continer\">\n\t\t\t\t<h4 class=\"woodmart-title-container title  wd-font-weight- wd-fontsize-xxl\" >Despre noi<\/h4>\n\t\t\t\t\t\t\t<\/div>\n\t\t\t\n\t\t\t\n\t\t\t\n\t\t<\/div>\n\t\t\n\t\t[vc_separator color=&#8221;custom&#8221; accent_color=&#8221;rgba(10,10,10,0.12)&#8221; css=&#8221;.vc_custom_1615616514122{margin-bottom: 20px !important;padding-top: 10px !important;}&#8221;][vc_column_text woodmart_inline=&#8221;no&#8221; text_larger=&#8221;no&#8221;]\u00cen lumea noastr\u0103, livr\u0103rile nu sunt doar o modalitate de a primi pachete &#8211; sunt o oportunitate de a face ceva extraordinar pentru mediul \u00eenconjur\u0103tor.<\/p>\n<p>Noi credem cu t\u0103rie c\u0103 viitorul apar\u021bine celor care ac\u021bioneaz\u0103 responsabil, a\u0219a c\u0103 am creat acest serviciu de curierat cu o misiune clar\u0103: s\u0103 \u00eembin\u0103m tehnologia cu responsabilitatea ecologic\u0103. C\u00e2nd descarci aplica\u021bia noastr\u0103, nu faci doar o alegere inteligent\u0103, ci \u0219i una cu adev\u0103rat inspirat\u0103.<\/p>\n<p>Cu o echip\u0103 de curieri pasiona\u021bi de protejarea mediului \u0219i o flot\u0103 de vehicule eco-friendly, transform\u0103m fiecare livrare \u00eentr-o mic\u0103 revolu\u021bie verde. Fiecare pachet pe care \u00eel transport\u0103m devine o declara\u021bie de dragoste fa\u021b\u0103 de planeta noastr\u0103.<\/p>\n<p>Suntem m\u00e2ndri de drumul pe care l-am parcurs \u0219i suntem ner\u0103bd\u0103tori s\u0103 \u00eemp\u0103rt\u0103\u0219im aceast\u0103 c\u0103l\u0103torie cu tine. Hai s\u0103 facem \u00eempreun\u0103 lumea un loc mai bun &#8211; un pachet eco-friendly la un moment dat! Descarc\u0103 aplica\u021bia noastr\u0103 ast\u0103zi \u0219i fii parte dintr-o comunitate care pune mediul \u00eenaintea tuturor.[\/vc_column_text][\/vc_column][\/vc_row]<\/p>\n<\/section>","protected":false},"excerpt":{"rendered":"<p>[vc_row css=&#8221;.vc_custom_1629877038080{margin-bottom: 40px !important;}&#8221; mobile_bg_img_hidden=&#8221;no&#8221; tablet_bg_img_hidden=&#8221;no&#8221; woodmart_parallax=&#8221;0&#8243; woodmart_gradient_switch=&#8221;no&#8221; row_reverse_mobile=&#8221;1&#8243; row_reverse_tablet=&#8221;1&#8243; woodmart_disable_overflow=&#8221;0&#8243; wd_z_index=&#8221;no&#8221; woodmart_css_id=&#8221;6125f32826e3d&#8221; responsive_spacing=&#8221;eyJwYXJhbV90eXBlIjoid29vZG1hcnRfcmVzcG9uc2l2ZV9zcGFjaW5nIiwic2VsZWN0b3JfaWQiOiI2MTI1ZjMyODI2ZTNkIiwic2hvcnRjb2RlIjoidmNfcm93IiwiZGF0YSI6eyJ0YWJsZXQiOnt9LCJtb2JpbGUiOnsibWFyZ2luLWJvdHRvbSI6IjIwIn19fQ==&#8221;][vc_column css=&#8221;.vc_custom_1629877010833{margin-bottom: 40px !important;padding-top: 0px !important;}&#8221; mobile_bg_img_hidden=&#8221;no&#8221;<\/p>\n","protected":false},"author":1,"featured_media":0,"parent":0,"menu_order":0,"comment_status":"closed","ping_status":"closed","template":"","meta":{"footnotes":""},"class_list":["post-5212","page","type-page","status-publish","hentry"],"_links":{"self":[{"href":"https:\/\/citycourier.ro\/index.php\/wp-json\/wp\/v2\/pages\/5212","targetHints":{"allow":["GET"]}}],"collection":[{"href":"https:\/\/citycourier.ro\/index.php\/wp-json\/wp\/v2\/pages"}],"about":[{"href":"https:\/\/citycourier.ro\/index.php\/wp-json\/wp\/v2\/types\/page"}],"author":[{"embeddable":true,"href":"https:\/\/citycourier.ro\/index.php\/wp-json\/wp\/v2\/users\/1"}],"replies":[{"embeddable":true,"href":"https:\/\/citycourier.ro\/index.php\/wp-json\/wp\/v2\/comments?post=5212"}],"version-history":[{"count":6,"href":"https:\/\/citycourier.ro\/index.php\/wp-json\/wp\/v2\/pages\/5212\/revisions"}],"predecessor-version":[{"id":7184,"href":"https:\/\/citycourier.ro\/index.php\/wp-json\/wp\/v2\/pages\/5212\/revisions\/7184"}],"wp:attachment":[{"href":"https:\/\/citycourier.ro\/index.php\/wp-json\/wp\/v2\/media?parent=5212"}],"curies":[{"name":"wp","href":"https:\/\/api.w.org\/{rel}","templated":true}]}}